{"id":1764,"date":"2020-04-17T09:31:06","date_gmt":"2020-04-17T07:31:06","guid":{"rendered":"https:\/\/konto-acoustics.com\/customer-stories\/"},"modified":"2023-12-11T15:33:42","modified_gmt":"2023-12-11T14:33:42","slug":"customer-stories","status":"publish","type":"page","link":"https:\/\/konto-acoustics.com\/hu\/customer-stories\/","title":{"rendered":"\u00dcgyf\u00e9lt\u00f6rt\u00e9netek"},"content":{"rendered":"","protected":false},"excerpt":{"rendered":"","protected":false},"author":2,"featured_media":0,"parent":0,"menu_order":0,"comment_status":"closed","ping_status":"closed","template":"","meta":{"_uag_custom_page_level_css":"","footnotes":""},"class_list":["post-1764","page","type-page","status-publish","hentry"],"yoast_head":"<!-- This site is optimized with the Yoast SEO plugin v27.3 - https:\/\/yoast.com\/product\/yoast-seo-wordpress\/ -->\n<title>\u00dcgyf\u00e9lt\u00f6rt\u00e9netek - Konto-Acoustics<\/title>\n<meta name=\"description\" content=\"Inspir\u00e1l\u00f3djon \u00fcgyfeleink t\u00f6rt\u00e9neteib\u0151l: A KONTO paneleket hangszigetel\u00e9sre \u00e9s diz\u00e1jnelemk\u00e9nt haszn\u00e1lj\u00e1k.\" \/>\n<meta name=\"robots\" content=\"index, follow, max-snippet:-1, max-image-preview:large, max-video-preview:-1\" \/>\n<link rel=\"canonical\" href=\"https:\/\/konto-acoustics.com\/hu\/customer-stories\/\" \/>\n<meta property=\"og:locale\" content=\"hu_HU\" \/>\n<meta property=\"og:type\" content=\"article\" \/>\n<meta property=\"og:title\" content=\"\u00dcgyf\u00e9lt\u00f6rt\u00e9netek - Konto-Acoustics\" \/>\n<meta property=\"og:description\" content=\"Inspir\u00e1l\u00f3djon \u00fcgyfeleink t\u00f6rt\u00e9neteib\u0151l: A KONTO paneleket hangszigetel\u00e9sre \u00e9s diz\u00e1jnelemk\u00e9nt haszn\u00e1lj\u00e1k.\" \/>\n<meta property=\"og:url\" content=\"https:\/\/konto-acoustics.com\/hu\/customer-stories\/\" \/>\n<meta property=\"og:site_name\" content=\"Konto-Acoustics\" \/>\n<meta property=\"article:modified_time\" content=\"2023-12-11T14:33:42+00:00\" \/>\n<meta name=\"twitter:card\" content=\"summary_large_image\" \/>\n<script type=\"application\/ld+json\" class=\"yoast-schema-graph\">{\"@context\":\"https:\\\/\\\/schema.org\",\"@graph\":[{\"@type\":\"WebPage\",\"@id\":\"https:\\\/\\\/konto-acoustics.com\\\/hu\\\/customer-stories\\\/\",\"url\":\"https:\\\/\\\/konto-acoustics.com\\\/hu\\\/customer-stories\\\/\",\"name\":\"\u00dcgyf\u00e9lt\u00f6rt\u00e9netek - Konto-Acoustics\",\"isPartOf\":{\"@id\":\"https:\\\/\\\/konto-acoustics.com\\\/hu\\\/#website\"},\"datePublished\":\"2020-04-17T07:31:06+00:00\",\"dateModified\":\"2023-12-11T14:33:42+00:00\",\"description\":\"Inspir\u00e1l\u00f3djon \u00fcgyfeleink t\u00f6rt\u00e9neteib\u0151l: A KONTO paneleket hangszigetel\u00e9sre \u00e9s diz\u00e1jnelemk\u00e9nt haszn\u00e1lj\u00e1k.\",\"breadcrumb\":{\"@id\":\"https:\\\/\\\/konto-acoustics.com\\\/hu\\\/customer-stories\\\/#breadcrumb\"},\"inLanguage\":\"hu\",\"potentialAction\":[{\"@type\":\"ReadAction\",\"target\":[\"https:\\\/\\\/konto-acoustics.com\\\/hu\\\/customer-stories\\\/\"]}]},{\"@type\":\"BreadcrumbList\",\"@id\":\"https:\\\/\\\/konto-acoustics.com\\\/hu\\\/customer-stories\\\/#breadcrumb\",\"itemListElement\":[{\"@type\":\"ListItem\",\"position\":1,\"name\":\"Home\",\"item\":\"https:\\\/\\\/konto-acoustics.com\\\/hu\\\/\"},{\"@type\":\"ListItem\",\"position\":2,\"name\":\"\u00dcgyf\u00e9lt\u00f6rt\u00e9netek\"}]},{\"@type\":\"WebSite\",\"@id\":\"https:\\\/\\\/konto-acoustics.com\\\/hu\\\/#website\",\"url\":\"https:\\\/\\\/konto-acoustics.com\\\/hu\\\/\",\"name\":\"Konto-Acoustics\",\"description\":\"ecological, non-toxic and organic products\",\"potentialAction\":[{\"@type\":\"SearchAction\",\"target\":{\"@type\":\"EntryPoint\",\"urlTemplate\":\"https:\\\/\\\/konto-acoustics.com\\\/hu\\\/?s={search_term_string}\"},\"query-input\":{\"@type\":\"PropertyValueSpecification\",\"valueRequired\":true,\"valueName\":\"search_term_string\"}}],\"inLanguage\":\"hu\"}]}<\/script>\n<!-- \/ Yoast SEO plugin. -->","yoast_head_json":{"title":"\u00dcgyf\u00e9lt\u00f6rt\u00e9netek - Konto-Acoustics","description":"Inspir\u00e1l\u00f3djon \u00fcgyfeleink t\u00f6rt\u00e9neteib\u0151l: A KONTO paneleket hangszigetel\u00e9sre \u00e9s diz\u00e1jnelemk\u00e9nt haszn\u00e1lj\u00e1k.","robots":{"index":"index","follow":"follow","max-snippet":"max-snippet:-1","max-image-preview":"max-image-preview:large","max-video-preview":"max-video-preview:-1"},"canonical":"https:\/\/konto-acoustics.com\/hu\/customer-stories\/","og_locale":"hu_HU","og_type":"article","og_title":"\u00dcgyf\u00e9lt\u00f6rt\u00e9netek - Konto-Acoustics","og_description":"Inspir\u00e1l\u00f3djon \u00fcgyfeleink t\u00f6rt\u00e9neteib\u0151l: A KONTO paneleket hangszigetel\u00e9sre \u00e9s diz\u00e1jnelemk\u00e9nt haszn\u00e1lj\u00e1k.","og_url":"https:\/\/konto-acoustics.com\/hu\/customer-stories\/","og_site_name":"Konto-Acoustics","article_modified_time":"2023-12-11T14:33:42+00:00","twitter_card":"summary_large_image","schema":{"@context":"https:\/\/schema.org","@graph":[{"@type":"WebPage","@id":"https:\/\/konto-acoustics.com\/hu\/customer-stories\/","url":"https:\/\/konto-acoustics.com\/hu\/customer-stories\/","name":"\u00dcgyf\u00e9lt\u00f6rt\u00e9netek - Konto-Acoustics","isPartOf":{"@id":"https:\/\/konto-acoustics.com\/hu\/#website"},"datePublished":"2020-04-17T07:31:06+00:00","dateModified":"2023-12-11T14:33:42+00:00","description":"Inspir\u00e1l\u00f3djon \u00fcgyfeleink t\u00f6rt\u00e9neteib\u0151l: A KONTO paneleket hangszigetel\u00e9sre \u00e9s diz\u00e1jnelemk\u00e9nt haszn\u00e1lj\u00e1k.","breadcrumb":{"@id":"https:\/\/konto-acoustics.com\/hu\/customer-stories\/#breadcrumb"},"inLanguage":"hu","potentialAction":[{"@type":"ReadAction","target":["https:\/\/konto-acoustics.com\/hu\/customer-stories\/"]}]},{"@type":"BreadcrumbList","@id":"https:\/\/konto-acoustics.com\/hu\/customer-stories\/#breadcrumb","itemListElement":[{"@type":"ListItem","position":1,"name":"Home","item":"https:\/\/konto-acoustics.com\/hu\/"},{"@type":"ListItem","position":2,"name":"\u00dcgyf\u00e9lt\u00f6rt\u00e9netek"}]},{"@type":"WebSite","@id":"https:\/\/konto-acoustics.com\/hu\/#website","url":"https:\/\/konto-acoustics.com\/hu\/","name":"Konto-Acoustics","description":"ecological, non-toxic and organic products","potentialAction":[{"@type":"SearchAction","target":{"@type":"EntryPoint","urlTemplate":"https:\/\/konto-acoustics.com\/hu\/?s={search_term_string}"},"query-input":{"@type":"PropertyValueSpecification","valueRequired":true,"valueName":"search_term_string"}}],"inLanguage":"hu"}]}},"uagb_featured_image_src":{"full":false,"thumbnail":false,"medium":false,"medium_large":false,"large":false,"1536x1536":false,"2048x2048":false,"woocommerce_thumbnail":false,"woocommerce_single":false,"woocommerce_gallery_thumbnail":false},"uagb_author_info":{"display_name":"gr47ikwi3n","author_link":"https:\/\/konto-acoustics.com\/hu\/author\/gr47ikwi3n\/"},"uagb_comment_info":0,"uagb_excerpt":null,"_links":{"self":[{"href":"https:\/\/konto-acoustics.com\/hu\/wp-json\/wp\/v2\/pages\/1764","targetHints":{"allow":["GET"]}}],"collection":[{"href":"https:\/\/konto-acoustics.com\/hu\/wp-json\/wp\/v2\/pages"}],"about":[{"href":"https:\/\/konto-acoustics.com\/hu\/wp-json\/wp\/v2\/types\/page"}],"author":[{"embeddable":true,"href":"https:\/\/konto-acoustics.com\/hu\/wp-json\/wp\/v2\/users\/2"}],"replies":[{"embeddable":true,"href":"https:\/\/konto-acoustics.com\/hu\/wp-json\/wp\/v2\/comments?post=1764"}],"version-history":[{"count":5,"href":"https:\/\/konto-acoustics.com\/hu\/wp-json\/wp\/v2\/pages\/1764\/revisions"}],"predecessor-version":[{"id":1805,"href":"https:\/\/konto-acoustics.com\/hu\/wp-json\/wp\/v2\/pages\/1764\/revisions\/1805"}],"wp:attachment":[{"href":"https:\/\/konto-acoustics.com\/hu\/wp-json\/wp\/v2\/media?parent=1764"}],"curies":[{"name":"wp","href":"https:\/\/api.w.org\/{rel}","templated":true}]}}